{"id":975,"date":"2021-11-08T11:33:29","date_gmt":"2021-11-08T10:33:29","guid":{"rendered":"https:\/\/pluchan.cluster028.hosting.ovh.net\/?page_id=975"},"modified":"2021-11-08T11:33:41","modified_gmt":"2021-11-08T10:33:41","slug":"les-etapes-de-la-realisation","status":"publish","type":"page","link":"https:\/\/plu-chateaugontier.fr\/index.php\/les-etapes-de-la-realisation\/","title":{"rendered":"Les \u00e9tapes de la r\u00e9alisation"},"content":{"rendered":"\n<figure class=\"wp-block-image size-large\"><img decoding=\"async\" width=\"660\" height=\"910\" data-src=\"https:\/\/pluchan.cluster028.hosting.ovh.net\/wp-content\/uploads\/2021\/11\/plu03.jpg\" alt=\"\" class=\"wp-image-976 lazyload\" data-srcset=\"https:\/\/plu-chateaugontier.fr\/wp-content\/uploads\/2021\/11\/plu03.jpg 660w, https:\/\/plu-chateaugontier.fr\/wp-content\/uploads\/2021\/11\/plu03-218x300.jpg 218w\" data-sizes=\"(max-width: 660px) 100vw, 660px\" src=\"data:image\/svg+xml;base64,PHN2ZyB3aWR0aD0iMSIgaGVpZ2h0PSIxIiB4bWxucz0iaHR0cDovL3d3dy53My5vcmcvMjAwMC9zdmciPjwvc3ZnPg==\" style=\"--smush-placeholder-width: 660px; --smush-placeholder-aspect-ratio: 660\/910;\" \/><\/figure>\n\n\n\n<figure class=\"wp-block-image size-large\"><img decoding=\"async\" width=\"1024\" height=\"722\" data-src=\"http:\/\/pluchan.cluster028.hosting.ovh.net\/wp-content\/uploads\/2021\/11\/Procedure-delai-modif-AD-2-1024x722.jpg\" alt=\"\" class=\"wp-image-977 lazyload\" data-srcset=\"https:\/\/plu-chateaugontier.fr\/wp-content\/uploads\/2021\/11\/Procedure-delai-modif-AD-2-1024x722.jpg 1024w, https:\/\/plu-chateaugontier.fr\/wp-content\/uploads\/2021\/11\/Procedure-delai-modif-AD-2-300x212.jpg 300w, https:\/\/plu-chateaugontier.fr\/wp-content\/uploads\/2021\/11\/Procedure-delai-modif-AD-2-768x542.jpg 768w, https:\/\/plu-chateaugontier.fr\/wp-content\/uploads\/2021\/11\/Procedure-delai-modif-AD-2.jpg 1531w\" data-sizes=\"(max-width: 1024px) 100vw, 1024px\" src=\"data:image\/svg+xml;base64,PHN2ZyB3aWR0aD0iMSIgaGVpZ2h0PSIxIiB4bWxucz0iaHR0cDovL3d3dy53My5vcmcvMjAwMC9zdmciPjwvc3ZnPg==\" style=\"--smush-placeholder-width: 1024px; --smush-placeholder-aspect-ratio: 1024\/722;\" \/><\/figure>\n","protected":false},"excerpt":{"rendered":"","protected":false},"author":3,"featured_media":0,"parent":0,"menu_order":0,"comment_status":"closed","ping_status":"closed","template":"","meta":{"footnotes":""},"class_list":["post-975","page","type-page","status-publish","hentry","entry"],"yoast_head":"<!-- This site is optimized with the Yoast SEO plugin v27.5 - https:\/\/yoast.com\/product\/yoast-seo-wordpress\/ -->\n<title>Les \u00e9tapes de la r\u00e9alisation - PLU de Ch\u00e2teau-Gontier sur Mayenne<\/title>\n<meta name=\"robots\" content=\"index, follow, max-snippet:-1, max-image-preview:large, max-video-preview:-1\" \/>\n<link rel=\"canonical\" href=\"https:\/\/plu-chateaugontier.fr\/index.php\/les-etapes-de-la-realisation\/\" \/>\n<meta property=\"og:locale\" content=\"fr_FR\" \/>\n<meta property=\"og:type\" content=\"article\" \/>\n<meta property=\"og:title\" content=\"Les \u00e9tapes de la r\u00e9alisation - PLU de Ch\u00e2teau-Gontier sur Mayenne\" \/>\n<meta property=\"og:url\" content=\"https:\/\/plu-chateaugontier.fr\/index.php\/les-etapes-de-la-realisation\/\" \/>\n<meta property=\"og:site_name\" content=\"PLU de Ch\u00e2teau-Gontier sur Mayenne\" \/>\n<meta property=\"article:modified_time\" content=\"2021-11-08T10:33:41+00:00\" \/>\n<meta property=\"og:image\" content=\"https:\/\/pluchan.cluster028.hosting.ovh.net\/wp-content\/uploads\/2021\/11\/plu03.jpg\" \/>\n<meta name=\"twitter:card\" content=\"summary_large_image\" \/>\n<script type=\"application\/ld+json\" class=\"yoast-schema-graph\">{\"@context\":\"https:\\\/\\\/schema.org\",\"@graph\":[{\"@type\":\"WebPage\",\"@id\":\"https:\\\/\\\/plu-chateaugontier.fr\\\/index.php\\\/les-etapes-de-la-realisation\\\/\",\"url\":\"https:\\\/\\\/plu-chateaugontier.fr\\\/index.php\\\/les-etapes-de-la-realisation\\\/\",\"name\":\"Les \u00e9tapes de la r\u00e9alisation - PLU de Ch\u00e2teau-Gontier sur Mayenne\",\"isPartOf\":{\"@id\":\"https:\\\/\\\/plu-chateaugontier.fr\\\/#website\"},\"primaryImageOfPage\":{\"@id\":\"https:\\\/\\\/plu-chateaugontier.fr\\\/index.php\\\/les-etapes-de-la-realisation\\\/#primaryimage\"},\"image\":{\"@id\":\"https:\\\/\\\/plu-chateaugontier.fr\\\/index.php\\\/les-etapes-de-la-realisation\\\/#primaryimage\"},\"thumbnailUrl\":\"https:\\\/\\\/pluchan.cluster028.hosting.ovh.net\\\/wp-content\\\/uploads\\\/2021\\\/11\\\/plu03.jpg\",\"datePublished\":\"2021-11-08T10:33:29+00:00\",\"dateModified\":\"2021-11-08T10:33:41+00:00\",\"breadcrumb\":{\"@id\":\"https:\\\/\\\/plu-chateaugontier.fr\\\/index.php\\\/les-etapes-de-la-realisation\\\/#breadcrumb\"},\"inLanguage\":\"fr-FR\",\"potentialAction\":[{\"@type\":\"ReadAction\",\"target\":[\"https:\\\/\\\/plu-chateaugontier.fr\\\/index.php\\\/les-etapes-de-la-realisation\\\/\"]}]},{\"@type\":\"ImageObject\",\"inLanguage\":\"fr-FR\",\"@id\":\"https:\\\/\\\/plu-chateaugontier.fr\\\/index.php\\\/les-etapes-de-la-realisation\\\/#primaryimage\",\"url\":\"https:\\\/\\\/pluchan.cluster028.hosting.ovh.net\\\/wp-content\\\/uploads\\\/2021\\\/11\\\/plu03.jpg\",\"contentUrl\":\"https:\\\/\\\/pluchan.cluster028.hosting.ovh.net\\\/wp-content\\\/uploads\\\/2021\\\/11\\\/plu03.jpg\"},{\"@type\":\"BreadcrumbList\",\"@id\":\"https:\\\/\\\/plu-chateaugontier.fr\\\/index.php\\\/les-etapes-de-la-realisation\\\/#breadcrumb\",\"itemListElement\":[{\"@type\":\"ListItem\",\"position\":1,\"name\":\"Accueil\",\"item\":\"https:\\\/\\\/plu-chateaugontier.fr\\\/\"},{\"@type\":\"ListItem\",\"position\":2,\"name\":\"Les \u00e9tapes de la r\u00e9alisation\"}]},{\"@type\":\"WebSite\",\"@id\":\"https:\\\/\\\/plu-chateaugontier.fr\\\/#website\",\"url\":\"https:\\\/\\\/plu-chateaugontier.fr\\\/\",\"name\":\"PLU de Ch\u00e2teau-Gontier sur Mayenne\",\"description\":\"Bienvenue sur le site du PLU de Ch\u00e2teau-Gontier sur Mayenne\",\"publisher\":{\"@id\":\"https:\\\/\\\/plu-chateaugontier.fr\\\/#organization\"},\"potentialAction\":[{\"@type\":\"SearchAction\",\"target\":{\"@type\":\"EntryPoint\",\"urlTemplate\":\"https:\\\/\\\/plu-chateaugontier.fr\\\/?s={search_term_string}\"},\"query-input\":{\"@type\":\"PropertyValueSpecification\",\"valueRequired\":true,\"valueName\":\"search_term_string\"}}],\"inLanguage\":\"fr-FR\"},{\"@type\":\"Organization\",\"@id\":\"https:\\\/\\\/plu-chateaugontier.fr\\\/#organization\",\"name\":\"PLU de Ch\u00e2teau-Gontier sur Mayenne\",\"url\":\"https:\\\/\\\/plu-chateaugontier.fr\\\/\",\"logo\":{\"@type\":\"ImageObject\",\"inLanguage\":\"fr-FR\",\"@id\":\"https:\\\/\\\/plu-chateaugontier.fr\\\/#\\\/schema\\\/logo\\\/image\\\/\",\"url\":\"https:\\\/\\\/plu-chateaugontier.fr\\\/wp-content\\\/uploads\\\/2021\\\/11\\\/bandeau-PLU-revu-png-1.png\",\"contentUrl\":\"https:\\\/\\\/plu-chateaugontier.fr\\\/wp-content\\\/uploads\\\/2021\\\/11\\\/bandeau-PLU-revu-png-1.png\",\"width\":1000,\"height\":200,\"caption\":\"PLU de Ch\u00e2teau-Gontier sur Mayenne\"},\"image\":{\"@id\":\"https:\\\/\\\/plu-chateaugontier.fr\\\/#\\\/schema\\\/logo\\\/image\\\/\"}}]}<\/script>\n<!-- \/ Yoast SEO plugin. -->","yoast_head_json":{"title":"Les \u00e9tapes de la r\u00e9alisation - PLU de Ch\u00e2teau-Gontier sur Mayenne","robots":{"index":"index","follow":"follow","max-snippet":"max-snippet:-1","max-image-preview":"max-image-preview:large","max-video-preview":"max-video-preview:-1"},"canonical":"https:\/\/plu-chateaugontier.fr\/index.php\/les-etapes-de-la-realisation\/","og_locale":"fr_FR","og_type":"article","og_title":"Les \u00e9tapes de la r\u00e9alisation - PLU de Ch\u00e2teau-Gontier sur Mayenne","og_url":"https:\/\/plu-chateaugontier.fr\/index.php\/les-etapes-de-la-realisation\/","og_site_name":"PLU de Ch\u00e2teau-Gontier sur Mayenne","article_modified_time":"2021-11-08T10:33:41+00:00","og_image":[{"url":"https:\/\/pluchan.cluster028.hosting.ovh.net\/wp-content\/uploads\/2021\/11\/plu03.jpg","type":"","width":"","height":""}],"twitter_card":"summary_large_image","schema":{"@context":"https:\/\/schema.org","@graph":[{"@type":"WebPage","@id":"https:\/\/plu-chateaugontier.fr\/index.php\/les-etapes-de-la-realisation\/","url":"https:\/\/plu-chateaugontier.fr\/index.php\/les-etapes-de-la-realisation\/","name":"Les \u00e9tapes de la r\u00e9alisation - PLU de Ch\u00e2teau-Gontier sur Mayenne","isPartOf":{"@id":"https:\/\/plu-chateaugontier.fr\/#website"},"primaryImageOfPage":{"@id":"https:\/\/plu-chateaugontier.fr\/index.php\/les-etapes-de-la-realisation\/#primaryimage"},"image":{"@id":"https:\/\/plu-chateaugontier.fr\/index.php\/les-etapes-de-la-realisation\/#primaryimage"},"thumbnailUrl":"https:\/\/pluchan.cluster028.hosting.ovh.net\/wp-content\/uploads\/2021\/11\/plu03.jpg","datePublished":"2021-11-08T10:33:29+00:00","dateModified":"2021-11-08T10:33:41+00:00","breadcrumb":{"@id":"https:\/\/plu-chateaugontier.fr\/index.php\/les-etapes-de-la-realisation\/#breadcrumb"},"inLanguage":"fr-FR","potentialAction":[{"@type":"ReadAction","target":["https:\/\/plu-chateaugontier.fr\/index.php\/les-etapes-de-la-realisation\/"]}]},{"@type":"ImageObject","inLanguage":"fr-FR","@id":"https:\/\/plu-chateaugontier.fr\/index.php\/les-etapes-de-la-realisation\/#primaryimage","url":"https:\/\/pluchan.cluster028.hosting.ovh.net\/wp-content\/uploads\/2021\/11\/plu03.jpg","contentUrl":"https:\/\/pluchan.cluster028.hosting.ovh.net\/wp-content\/uploads\/2021\/11\/plu03.jpg"},{"@type":"BreadcrumbList","@id":"https:\/\/plu-chateaugontier.fr\/index.php\/les-etapes-de-la-realisation\/#breadcrumb","itemListElement":[{"@type":"ListItem","position":1,"name":"Accueil","item":"https:\/\/plu-chateaugontier.fr\/"},{"@type":"ListItem","position":2,"name":"Les \u00e9tapes de la r\u00e9alisation"}]},{"@type":"WebSite","@id":"https:\/\/plu-chateaugontier.fr\/#website","url":"https:\/\/plu-chateaugontier.fr\/","name":"PLU de Ch\u00e2teau-Gontier sur Mayenne","description":"Bienvenue sur le site du PLU de Ch\u00e2teau-Gontier sur Mayenne","publisher":{"@id":"https:\/\/plu-chateaugontier.fr\/#organization"},"potentialAction":[{"@type":"SearchAction","target":{"@type":"EntryPoint","urlTemplate":"https:\/\/plu-chateaugontier.fr\/?s={search_term_string}"},"query-input":{"@type":"PropertyValueSpecification","valueRequired":true,"valueName":"search_term_string"}}],"inLanguage":"fr-FR"},{"@type":"Organization","@id":"https:\/\/plu-chateaugontier.fr\/#organization","name":"PLU de Ch\u00e2teau-Gontier sur Mayenne","url":"https:\/\/plu-chateaugontier.fr\/","logo":{"@type":"ImageObject","inLanguage":"fr-FR","@id":"https:\/\/plu-chateaugontier.fr\/#\/schema\/logo\/image\/","url":"https:\/\/plu-chateaugontier.fr\/wp-content\/uploads\/2021\/11\/bandeau-PLU-revu-png-1.png","contentUrl":"https:\/\/plu-chateaugontier.fr\/wp-content\/uploads\/2021\/11\/bandeau-PLU-revu-png-1.png","width":1000,"height":200,"caption":"PLU de Ch\u00e2teau-Gontier sur Mayenne"},"image":{"@id":"https:\/\/plu-chateaugontier.fr\/#\/schema\/logo\/image\/"}}]}},"_links":{"self":[{"href":"https:\/\/plu-chateaugontier.fr\/index.php\/wp-json\/wp\/v2\/pages\/975","targetHints":{"allow":["GET"]}}],"collection":[{"href":"https:\/\/plu-chateaugontier.fr\/index.php\/wp-json\/wp\/v2\/pages"}],"about":[{"href":"https:\/\/plu-chateaugontier.fr\/index.php\/wp-json\/wp\/v2\/types\/page"}],"author":[{"embeddable":true,"href":"https:\/\/plu-chateaugontier.fr\/index.php\/wp-json\/wp\/v2\/users\/3"}],"replies":[{"embeddable":true,"href":"https:\/\/plu-chateaugontier.fr\/index.php\/wp-json\/wp\/v2\/comments?post=975"}],"version-history":[{"count":0,"href":"https:\/\/plu-chateaugontier.fr\/index.php\/wp-json\/wp\/v2\/pages\/975\/revisions"}],"wp:attachment":[{"href":"https:\/\/plu-chateaugontier.fr\/index.php\/wp-json\/wp\/v2\/media?parent=975"}],"curies":[{"name":"wp","href":"https:\/\/api.w.org\/{rel}","templated":true}]}}